{"id":81,"date":"2024-11-01T16:03:48","date_gmt":"2024-11-01T19:03:48","guid":{"rendered":"https:\/\/www.run4roupasfitness.com.br\/loja\/?post_type=product&#038;p=81"},"modified":"2024-11-01T16:03:48","modified_gmt":"2024-11-01T19:03:48","slug":"shorts-run-dryside","status":"publish","type":"product","link":"https:\/\/www.run4roupasfitness.com.br\/loja\/produto\/shorts-run-dryside\/","title":{"rendered":"Shorts Run Dryside"},"content":{"rendered":"<p>O shorts run \u00e9 ideal para suas atividades!<br \/>\nSua modelagem com abertura nas laterais para melhor mobilidade e cintura com el\u00e1stico que proporciona maios conforto.<br \/>\nPossui shorts interno com bolsos funcionais para guardar pequenos pertences pessoais facilitando sua rotina.<br \/>\nA estamparia aut\u00eantica e exclusiva em alta defini\u00e7\u00e3o aplicada traz o diferencial e a exclusividade ao produto.<\/p>\n","protected":false},"excerpt":{"rendered":"<p>O shorts run \u00e9 ideal para suas atividades! Sua modelagem com abertura nas laterais para melhor mobilidade e cintura com el\u00e1stico que proporciona maios conforto. Possui shorts interno com bolsos funcionais para guardar pequenos pertences pessoais facilitando sua rotina. A estamparia aut\u00eantica e exclusiva em alta defini\u00e7\u00e3o aplicada traz o diferencial e a exclusividade ao [&hellip;]<\/p>\n","protected":false},"featured_media":82,"comment_status":"open","ping_status":"closed","template":"","meta":[],"product_cat":[22],"product_tag":[],"class_list":{"0":"post-81","1":"product","2":"type-product","3":"status-publish","4":"has-post-thumbnail","6":"product_cat-shorts","8":"first","9":"instock","10":"shipping-taxable","11":"purchasable","12":"product-type-simple"},"_links":{"self":[{"href":"https:\/\/www.run4roupasfitness.com.br\/loja\/wp-json\/wp\/v2\/product\/81","targetHints":{"allow":["GET"]}}],"collection":[{"href":"https:\/\/www.run4roupasfitness.com.br\/loja\/wp-json\/wp\/v2\/product"}],"about":[{"href":"https:\/\/www.run4roupasfitness.com.br\/loja\/wp-json\/wp\/v2\/types\/product"}],"replies":[{"embeddable":true,"href":"https:\/\/www.run4roupasfitness.com.br\/loja\/wp-json\/wp\/v2\/comments?post=81"}],"wp:featuredmedia":[{"embeddable":true,"href":"https:\/\/www.run4roupasfitness.com.br\/loja\/wp-json\/wp\/v2\/media\/82"}],"wp:attachment":[{"href":"https:\/\/www.run4roupasfitness.com.br\/loja\/wp-json\/wp\/v2\/media?parent=81"}],"wp:term":[{"taxonomy":"product_cat","embeddable":true,"href":"https:\/\/www.run4roupasfitness.com.br\/loja\/wp-json\/wp\/v2\/product_cat?post=81"},{"taxonomy":"product_tag","embeddable":true,"href":"https:\/\/www.run4roupasfitness.com.br\/loja\/wp-json\/wp\/v2\/product_tag?post=81"}],"curies":[{"name":"wp","href":"https:\/\/api.w.org\/{rel}","templated":true}]}}