{"id":53,"date":"2024-10-31T15:48:23","date_gmt":"2024-10-31T18:48:23","guid":{"rendered":"https:\/\/www.run4roupasfitness.com.br\/loja\/?post_type=product&#038;p=53"},"modified":"2024-10-31T15:48:24","modified_gmt":"2024-10-31T18:48:24","slug":"top-cross-reflex-race-pro","status":"publish","type":"product","link":"https:\/\/www.run4roupasfitness.com.br\/loja\/produto\/top-cross-reflex-race-pro\/","title":{"rendered":"Top Cross Reflex Race Pro\u00ae"},"content":{"rendered":"<p>Top possui a modelagem com recorte que desenha e valoriza o busto. De m\u00e9dio impacto com decote cruzado nas costas que valoriza os ombros e a esc\u00e1pula, facilitando o movimento.<br \/>\nCom bojo remov\u00edvel atrav\u00e9s de pequena abertura interna, garantindo mais liberdade de movimento.<br \/>\nPossui estampa exclusiva reflex na frente e costas que traz mais seguran\u00e7a em ambientes com baixa luminosidade e\/ou pr\u00e1ticas noturnas.<br \/>\nEm tecido Race Pro\u00ae de toque liso e macio com alta compress\u00e3o, firmando a musculatura durante seu treino e garantindo respirabilidade.<\/p>\n<p>Feito no Brasil.<\/p>\n<p>Modelo veste tamanho P<\/p>\n<p>C\u00f3digo do produto:\u00a01.46172.G.0RS228<\/p>\n","protected":false},"excerpt":{"rendered":"<p>Top possui a modelagem com recorte que desenha e valoriza o busto. De m\u00e9dio impacto com decote cruzado nas costas que valoriza os ombros e a esc\u00e1pula, facilitando o movimento. Com bojo remov\u00edvel atrav\u00e9s de pequena abertura interna, garantindo mais liberdade de movimento. Possui estampa exclusiva reflex na frente e costas que traz mais seguran\u00e7a [&hellip;]<\/p>\n","protected":false},"featured_media":54,"comment_status":"open","ping_status":"closed","template":"","meta":[],"product_cat":[18],"product_tag":[],"class_list":{"0":"post-53","1":"product","2":"type-product","3":"status-publish","4":"has-post-thumbnail","6":"product_cat-tops","8":"first","9":"instock","10":"sale","11":"shipping-taxable","12":"purchasable","13":"product-type-simple"},"_links":{"self":[{"href":"https:\/\/www.run4roupasfitness.com.br\/loja\/wp-json\/wp\/v2\/product\/53","targetHints":{"allow":["GET"]}}],"collection":[{"href":"https:\/\/www.run4roupasfitness.com.br\/loja\/wp-json\/wp\/v2\/product"}],"about":[{"href":"https:\/\/www.run4roupasfitness.com.br\/loja\/wp-json\/wp\/v2\/types\/product"}],"replies":[{"embeddable":true,"href":"https:\/\/www.run4roupasfitness.com.br\/loja\/wp-json\/wp\/v2\/comments?post=53"}],"wp:featuredmedia":[{"embeddable":true,"href":"https:\/\/www.run4roupasfitness.com.br\/loja\/wp-json\/wp\/v2\/media\/54"}],"wp:attachment":[{"href":"https:\/\/www.run4roupasfitness.com.br\/loja\/wp-json\/wp\/v2\/media?parent=53"}],"wp:term":[{"taxonomy":"product_cat","embeddable":true,"href":"https:\/\/www.run4roupasfitness.com.br\/loja\/wp-json\/wp\/v2\/product_cat?post=53"},{"taxonomy":"product_tag","embeddable":true,"href":"https:\/\/www.run4roupasfitness.com.br\/loja\/wp-json\/wp\/v2\/product_tag?post=53"}],"curies":[{"name":"wp","href":"https:\/\/api.w.org\/{rel}","templated":true}]}}