{"id":85,"date":"2024-11-01T16:10:55","date_gmt":"2024-11-01T19:10:55","guid":{"rendered":"https:\/\/www.run4roupasfitness.com.br\/loja\/?page_id=85"},"modified":"2024-11-12T14:25:36","modified_gmt":"2024-11-12T17:25:36","slug":"home","status":"publish","type":"page","link":"https:\/\/www.run4roupasfitness.com.br\/loja\/","title":{"rendered":"Home"},"content":{"rendered":"\t\t<div data-elementor-type=\"wp-page\" data-elementor-id=\"85\" class=\"elementor elementor-85\" data-elementor-post-type=\"page\">\n\t\t\t\t<div class=\"elementor-element elementor-element-05d374a e-con-full e-flex e-con e-parent\" data-id=\"05d374a\" data-element_type=\"container\">\n\t\t<div class=\"elementor-element elementor-element-c327da4 e-con-full e-flex e-con e-child\" data-id=\"c327da4\" data-element_type=\"container\">\n\t\t\t\t<div class=\"elementor-element elementor-element-c1e889c elementor--h-position-center elementor--v-position-middle elementor-arrows-position-inside elementor-pagination-position-inside elementor-widget elementor-widget-slides\" data-id=\"c1e889c\" data-element_type=\"widget\" data-settings=\"{&quot;navigation&quot;:&quot;both&quot;,&quot;autoplay&quot;:&quot;yes&quot;,&quot;pause_on_hover&quot;:&quot;yes&quot;,&quot;pause_on_interaction&quot;:&quot;yes&quot;,&quot;autoplay_speed&quot;:5000,&quot;infinite&quot;:&quot;yes&quot;,&quot;transition&quot;:&quot;slide&quot;,&quot;transition_speed&quot;:500}\" data-widget_type=\"slides.default\">\n\t\t\t\t<div class=\"elementor-widget-container\">\n\t\t\t\t\t<div class=\"elementor-swiper\">\n\t\t\t<div class=\"elementor-slides-wrapper elementor-main-swiper swiper\" dir=\"ltr\" data-animation=\"fadeInUp\">\n\t\t\t\t<div class=\"swiper-wrapper elementor-slides\">\n\t\t\t\t\t\t\t\t\t\t<div class=\"elementor-repeater-item-965ef67 swiper-slide\"><div class=\"swiper-slide-bg\" role=\"img\"><\/div><div class=\"elementor-background-overlay\"><\/div><div class=\"swiper-slide-inner\" ><div class=\"swiper-slide-contents\"><div class=\"elementor-slide-heading\">Cal\u00e7as Legging<\/div><div class=\"elementor-slide-description\">Conhe\u00e7a nossa nova cole\u00e7\u00e3o 2025<\/div><div  class=\"elementor-button elementor-slide-button elementor-size-sm\">Clique aqui<\/div><\/div><\/div><\/div><div class=\"elementor-repeater-item-5db675a swiper-slide\"><div class=\"swiper-slide-bg\" role=\"img\"><\/div><div class=\"swiper-slide-inner\" ><div class=\"swiper-slide-contents\"><div class=\"elementor-slide-heading\">Slide 2 Heading<\/div><div class=\"elementor-slide-description\">Lorem ipsum dolor sit amet consectetur adipiscing elit dolor<\/div><div  class=\"elementor-button elementor-slide-button elementor-size-sm\">Click Here<\/div><\/div><\/div><\/div><div class=\"elementor-repeater-item-0f620f8 swiper-slide\"><div class=\"swiper-slide-bg\" role=\"img\"><\/div><div class=\"swiper-slide-inner\" ><div class=\"swiper-slide-contents\"><div class=\"elementor-slide-heading\">Slide 3 Heading<\/div><div class=\"elementor-slide-description\">Lorem ipsum dolor sit amet consectetur adipiscing elit dolor<\/div><div  class=\"elementor-button elementor-slide-button elementor-size-sm\">Click Here<\/div><\/div><\/div><\/div>\t\t\t\t<\/div>\n\t\t\t\t\t\t\t\t\t\t\t\t\t\t\t<div class=\"swiper-pagination\"><\/div>\n\t\t\t\t\t\t\t\t\t\t\t\t\t\t\t\t<div class=\"elementor-swiper-button elementor-swiper-button-prev\" role=\"button\" tabindex=\"0\">\n\t\t\t\t\t\t\t<svg aria-hidden=\"true\" class=\"e-font-icon-svg e-eicon-chevron-left\" viewBox=\"0 0 1000 1000\" xmlns=\"http:\/\/www.w3.org\/2000\/svg\"><path d=\"M646 125C629 125 613 133 604 142L308 442C296 454 292 471 292 487 292 504 296 521 308 533L604 854C617 867 629 875 646 875 663 875 679 871 692 858 704 846 713 829 713 812 713 796 708 779 692 767L438 487 692 225C700 217 708 204 708 187 708 171 704 154 692 142 675 129 663 125 646 125Z\"><\/path><\/svg>\t\t\t\t\t\t\t<span class=\"elementor-screen-only\">Previous slide<\/span>\n\t\t\t\t\t\t<\/div>\n\t\t\t\t\t\t<div class=\"elementor-swiper-button elementor-swiper-button-next\" role=\"button\" tabindex=\"0\">\n\t\t\t\t\t\t\t<svg aria-hidden=\"true\" class=\"e-font-icon-svg e-eicon-chevron-right\" viewBox=\"0 0 1000 1000\" xmlns=\"http:\/\/www.w3.org\/2000\/svg\"><path d=\"M696 533C708 521 713 504 713 487 713 471 708 454 696 446L400 146C388 133 375 125 354 125 338 125 325 129 313 142 300 154 292 171 292 187 292 204 296 221 308 233L563 492 304 771C292 783 288 800 288 817 288 833 296 850 308 863 321 871 338 875 354 875 371 875 388 867 400 854L696 533Z\"><\/path><\/svg>\t\t\t\t\t\t\t<span class=\"elementor-screen-only\">Next slide<\/span>\n\t\t\t\t\t\t<\/div>\n\t\t\t\t\t\t\t\t\t\t\t\t<\/div>\n\t\t<\/div>\n\t\t\t\t<\/div>\n\t\t\t\t<\/div>\n\t\t\t\t<\/div>\n\t\t\t\t<\/div>\n\t\t<div class=\"elementor-element elementor-element-ba6979f e-flex e-con-boxed e-con e-parent\" data-id=\"ba6979f\" data-element_type=\"container\">\n\t\t\t\t\t<div class=\"e-con-inner\">\n\t\t\t\t<div class=\"elementor-element elementor-element-5f435c6 elementor-widget elementor-widget-heading\" data-id=\"5f435c6\" data-element_type=\"widget\" data-widget_type=\"heading.default\">\n\t\t\t\t<div class=\"elementor-widget-container\">\n\t\t\t<h2 class=\"elementor-heading-title elementor-size-default\">Destaques<\/h2>\t\t<\/div>\n\t\t\t\t<\/div>\n\t\t\t\t\t<\/div>\n\t\t\t\t<\/div>\n\t\t<div class=\"elementor-element elementor-element-f72c8af e-flex e-con-boxed e-con e-parent\" data-id=\"f72c8af\" data-element_type=\"container\">\n\t\t\t\t\t<div class=\"e-con-inner\">\n\t\t\t\t<div class=\"elementor-element elementor-element-333c8ec elementor-grid-3 elementor-product-loop-item--align-center elementor-grid-tablet-3 elementor-grid-mobile-2 elementor-products-grid elementor-wc-products elementor-widget elementor-widget-woocommerce-products\" data-id=\"333c8ec\" data-element_type=\"widget\" data-widget_type=\"woocommerce-products.default\">\n\t\t\t\t<div class=\"elementor-widget-container\">\n\t\t\t<div class=\"woocommerce columns-3 \"><ul class=\"products elementor-grid columns-3\">\n<li class=\"product type-product post-83 status-publish first instock product_cat-jaquetas has-post-thumbnail shipping-taxable purchasable product-type-simple\">\n\t<a href=\"https:\/\/www.run4roupasfitness.com.br\/loja\/produto\/jaqueta-nylon-adventure\/\" class=\"woocommerce-LoopProduct-link woocommerce-loop-product__link\"><img fetchpriority=\"high\" decoding=\"async\" width=\"300\" height=\"300\" src=\"https:\/\/www.run4roupasfitness.com.br\/loja\/wp-content\/uploads\/2024\/11\/318354_I4046_00LI11_3-300x300.jpg\" class=\"attachment-woocommerce_thumbnail size-woocommerce_thumbnail\" alt=\"\" srcset=\"https:\/\/www.run4roupasfitness.com.br\/loja\/wp-content\/uploads\/2024\/11\/318354_I4046_00LI11_3-300x300.jpg 300w, https:\/\/www.run4roupasfitness.com.br\/loja\/wp-content\/uploads\/2024\/11\/318354_I4046_00LI11_3-150x150.jpg 150w, https:\/\/www.run4roupasfitness.com.br\/loja\/wp-content\/uploads\/2024\/11\/318354_I4046_00LI11_3-100x100.jpg 100w\" sizes=\"(max-width: 300px) 100vw, 300px\" \/><h2 class=\"woocommerce-loop-product__title\">Jaqueta Nylon Adventure<\/h2>\n\t<span class=\"price\"><span class=\"woocommerce-Price-amount amount\"><bdi><span class=\"woocommerce-Price-currencySymbol\">&#82;&#36;<\/span>599.90<\/bdi><\/span><\/span>\n<\/a><a href=\"?add-to-cart=83\" aria-describedby=\"woocommerce_loop_add_to_cart_link_describedby_83\" data-quantity=\"1\" class=\"button product_type_simple add_to_cart_button ajax_add_to_cart\" data-product_id=\"83\" data-product_sku=\"\" aria-label=\"Add to cart: &ldquo;Jaqueta Nylon Adventure&rdquo;\" rel=\"nofollow\" data-success_message=\"&ldquo;Jaqueta Nylon Adventure&rdquo; has been added to your cart\">Comprar<\/a>\t<span id=\"woocommerce_loop_add_to_cart_link_describedby_83\" class=\"screen-reader-text\">\n\t\t\t<\/span>\n<\/li>\n<li class=\"product type-product post-81 status-publish instock product_cat-shorts has-post-thumbnail shipping-taxable purchasable product-type-simple\">\n\t<a href=\"https:\/\/www.run4roupasfitness.com.br\/loja\/produto\/shorts-run-dryside\/\" class=\"woocommerce-LoopProduct-link woocommerce-loop-product__link\"><img decoding=\"async\" width=\"300\" height=\"300\" src=\"https:\/\/www.run4roupasfitness.com.br\/loja\/wp-content\/uploads\/2024\/11\/351638_O2113_0RS205_9256-300x300.jpg\" class=\"attachment-woocommerce_thumbnail size-woocommerce_thumbnail\" alt=\"\" srcset=\"https:\/\/www.run4roupasfitness.com.br\/loja\/wp-content\/uploads\/2024\/11\/351638_O2113_0RS205_9256-300x300.jpg 300w, https:\/\/www.run4roupasfitness.com.br\/loja\/wp-content\/uploads\/2024\/11\/351638_O2113_0RS205_9256-150x150.jpg 150w, https:\/\/www.run4roupasfitness.com.br\/loja\/wp-content\/uploads\/2024\/11\/351638_O2113_0RS205_9256-100x100.jpg 100w\" sizes=\"(max-width: 300px) 100vw, 300px\" \/><h2 class=\"woocommerce-loop-product__title\">Shorts Run Dryside<\/h2>\n\t<span class=\"price\"><span class=\"woocommerce-Price-amount amount\"><bdi><span class=\"woocommerce-Price-currencySymbol\">&#82;&#36;<\/span>179.58<\/bdi><\/span><\/span>\n<\/a><a href=\"?add-to-cart=81\" aria-describedby=\"woocommerce_loop_add_to_cart_link_describedby_81\" data-quantity=\"1\" class=\"button product_type_simple add_to_cart_button ajax_add_to_cart\" data-product_id=\"81\" data-product_sku=\"\" aria-label=\"Add to cart: &ldquo;Shorts Run Dryside&rdquo;\" rel=\"nofollow\" data-success_message=\"&ldquo;Shorts Run Dryside&rdquo; has been added to your cart\">Comprar<\/a>\t<span id=\"woocommerce_loop_add_to_cart_link_describedby_81\" class=\"screen-reader-text\">\n\t\t\t<\/span>\n<\/li>\n<li class=\"product type-product post-79 status-publish last instock product_cat-bones has-post-thumbnail shipping-taxable purchasable product-type-simple\">\n\t<a href=\"https:\/\/www.run4roupasfitness.com.br\/loja\/produto\/bone-running-reflex-unissex\/\" class=\"woocommerce-LoopProduct-link woocommerce-loop-product__link\"><img decoding=\"async\" width=\"300\" height=\"300\" src=\"https:\/\/www.run4roupasfitness.com.br\/loja\/wp-content\/uploads\/2024\/11\/341123_IF221_00PT01_1-300x300.jpg\" class=\"attachment-woocommerce_thumbnail size-woocommerce_thumbnail\" alt=\"\" srcset=\"https:\/\/www.run4roupasfitness.com.br\/loja\/wp-content\/uploads\/2024\/11\/341123_IF221_00PT01_1-300x300.jpg 300w, https:\/\/www.run4roupasfitness.com.br\/loja\/wp-content\/uploads\/2024\/11\/341123_IF221_00PT01_1-150x150.jpg 150w, https:\/\/www.run4roupasfitness.com.br\/loja\/wp-content\/uploads\/2024\/11\/341123_IF221_00PT01_1-100x100.jpg 100w\" sizes=\"(max-width: 300px) 100vw, 300px\" \/><h2 class=\"woocommerce-loop-product__title\">Bon\u00e9 Running Reflex Unissex<\/h2>\n\t<span class=\"price\"><span class=\"woocommerce-Price-amount amount\"><bdi><span class=\"woocommerce-Price-currencySymbol\">&#82;&#36;<\/span>139.90<\/bdi><\/span><\/span>\n<\/a><a href=\"?add-to-cart=79\" aria-describedby=\"woocommerce_loop_add_to_cart_link_describedby_79\" data-quantity=\"1\" class=\"button product_type_simple add_to_cart_button ajax_add_to_cart\" data-product_id=\"79\" data-product_sku=\"\" aria-label=\"Add to cart: &ldquo;Bon\u00e9 Running Reflex Unissex&rdquo;\" rel=\"nofollow\" data-success_message=\"&ldquo;Bon\u00e9 Running Reflex Unissex&rdquo; has been added to your cart\">Comprar<\/a>\t<span id=\"woocommerce_loop_add_to_cart_link_describedby_79\" class=\"screen-reader-text\">\n\t\t\t<\/span>\n<\/li>\n<li class=\"product type-product post-56 status-publish first instock product_cat-legging has-post-thumbnail shipping-taxable purchasable product-type-simple\">\n\t<a href=\"https:\/\/www.run4roupasfitness.com.br\/loja\/produto\/legging-reflex-race-pro\/\" class=\"woocommerce-LoopProduct-link woocommerce-loop-product__link\"><img loading=\"lazy\" decoding=\"async\" width=\"300\" height=\"300\" src=\"https:\/\/www.run4roupasfitness.com.br\/loja\/wp-content\/uploads\/2024\/10\/335771_46173_00PT01_1-300x300.jpg\" class=\"attachment-woocommerce_thumbnail size-woocommerce_thumbnail\" alt=\"\" srcset=\"https:\/\/www.run4roupasfitness.com.br\/loja\/wp-content\/uploads\/2024\/10\/335771_46173_00PT01_1-300x300.jpg 300w, https:\/\/www.run4roupasfitness.com.br\/loja\/wp-content\/uploads\/2024\/10\/335771_46173_00PT01_1-150x150.jpg 150w, https:\/\/www.run4roupasfitness.com.br\/loja\/wp-content\/uploads\/2024\/10\/335771_46173_00PT01_1-100x100.jpg 100w\" sizes=\"(max-width: 300px) 100vw, 300px\" \/><h2 class=\"woocommerce-loop-product__title\">Legging Reflex Race Pro\u00ae<\/h2>\n\t<span class=\"price\"><span class=\"woocommerce-Price-amount amount\"><bdi><span class=\"woocommerce-Price-currencySymbol\">&#82;&#36;<\/span>229.90<\/bdi><\/span><\/span>\n<\/a><a href=\"?add-to-cart=56\" aria-describedby=\"woocommerce_loop_add_to_cart_link_describedby_56\" data-quantity=\"1\" class=\"button product_type_simple add_to_cart_button ajax_add_to_cart\" data-product_id=\"56\" data-product_sku=\"\" aria-label=\"Add to cart: &ldquo;Legging Reflex Race Pro\u00ae&rdquo;\" rel=\"nofollow\" data-success_message=\"&ldquo;Legging Reflex Race Pro\u00ae&rdquo; has been added to your cart\">Comprar<\/a>\t<span id=\"woocommerce_loop_add_to_cart_link_describedby_56\" class=\"screen-reader-text\">\n\t\t\t<\/span>\n<\/li>\n<li class=\"product type-product post-53 status-publish instock product_cat-tops has-post-thumbnail sale shipping-taxable purchasable product-type-simple\">\n\t<a href=\"https:\/\/www.run4roupasfitness.com.br\/loja\/produto\/top-cross-reflex-race-pro\/\" class=\"woocommerce-LoopProduct-link woocommerce-loop-product__link\">\n\t<span class=\"onsale\">Oferta!<\/span>\n\t<img loading=\"lazy\" decoding=\"async\" width=\"300\" height=\"300\" src=\"https:\/\/www.run4roupasfitness.com.br\/loja\/wp-content\/uploads\/2024\/10\/344478_46172_0RS228_1-300x300.jpg\" class=\"attachment-woocommerce_thumbnail size-woocommerce_thumbnail\" alt=\"\" srcset=\"https:\/\/www.run4roupasfitness.com.br\/loja\/wp-content\/uploads\/2024\/10\/344478_46172_0RS228_1-300x300.jpg 300w, https:\/\/www.run4roupasfitness.com.br\/loja\/wp-content\/uploads\/2024\/10\/344478_46172_0RS228_1-150x150.jpg 150w, https:\/\/www.run4roupasfitness.com.br\/loja\/wp-content\/uploads\/2024\/10\/344478_46172_0RS228_1-100x100.jpg 100w\" sizes=\"(max-width: 300px) 100vw, 300px\" \/><h2 class=\"woocommerce-loop-product__title\">Top Cross Reflex Race Pro\u00ae<\/h2>\n\t<span class=\"price\"><del aria-hidden=\"true\"><span class=\"woocommerce-Price-amount amount\"><bdi><span class=\"woocommerce-Price-currencySymbol\">&#82;&#36;<\/span>259.90<\/bdi><\/span><\/del> <span class=\"screen-reader-text\">O pre\u00e7o original era: &#082;&#036;259.90.<\/span><ins aria-hidden=\"true\"><span class=\"woocommerce-Price-amount amount\"><bdi><span class=\"woocommerce-Price-currencySymbol\">&#82;&#36;<\/span>249.90<\/bdi><\/span><\/ins><span class=\"screen-reader-text\">O pre\u00e7o atual \u00e9: &#082;&#036;249.90.<\/span><\/span>\n<\/a><a href=\"?add-to-cart=53\" aria-describedby=\"woocommerce_loop_add_to_cart_link_describedby_53\" data-quantity=\"1\" class=\"button product_type_simple add_to_cart_button ajax_add_to_cart\" data-product_id=\"53\" data-product_sku=\"\" aria-label=\"Add to cart: &ldquo;Top Cross Reflex Race Pro\u00ae&rdquo;\" rel=\"nofollow\" data-success_message=\"&ldquo;Top Cross Reflex Race Pro\u00ae&rdquo; has been added to your cart\">Comprar<\/a>\t<span id=\"woocommerce_loop_add_to_cart_link_describedby_53\" class=\"screen-reader-text\">\n\t\t\t<\/span>\n<\/li>\n<\/ul>\n<\/div>\t\t<\/div>\n\t\t\t\t<\/div>\n\t\t\t\t<div class=\"elementor-element elementor-element-1d93fad elementor-align-center elementor-widget elementor-widget-button\" data-id=\"1d93fad\" data-element_type=\"widget\" data-widget_type=\"button.default\">\n\t\t\t\t<div class=\"elementor-widget-container\">\n\t\t\t\t\t\t\t\t<a class=\"elementor-button elementor-button-link elementor-size-sm elementor-animation-grow\" href=\"#\">\n\t\t\t\t\t\t<span class=\"elementor-button-content-wrapper\">\n\t\t\t\t\t\t<span class=\"elementor-button-icon\">\n\t\t\t\t<svg aria-hidden=\"true\" class=\"e-font-icon-svg e-fas-shopping-bag\" viewBox=\"0 0 448 512\" xmlns=\"http:\/\/www.w3.org\/2000\/svg\"><path d=\"M352 160v-32C352 57.42 294.579 0 224 0 153.42 0 96 57.42 96 128v32H0v272c0 44.183 35.817 80 80 80h288c44.183 0 80-35.817 80-80V160h-96zm-192-32c0-35.29 28.71-64 64-64s64 28.71 64 64v32H160v-32zm160 120c-13.255 0-24-10.745-24-24s10.745-24 24-24 24 10.745 24 24-10.745 24-24 24zm-192 0c-13.255 0-24-10.745-24-24s10.745-24 24-24 24 10.745 24 24-10.745 24-24 24z\"><\/path><\/svg>\t\t\t<\/span>\n\t\t\t\t\t\t\t\t\t<span class=\"elementor-button-text\">Veja todos os produtos<\/span>\n\t\t\t\t\t<\/span>\n\t\t\t\t\t<\/a>\n\t\t\t\t\t\t<\/div>\n\t\t\t\t<\/div>\n\t\t\t\t\t<\/div>\n\t\t\t\t<\/div>\n\t\t<div class=\"elementor-element elementor-element-ba293ca e-flex e-con-boxed e-con e-parent\" data-id=\"ba293ca\" data-element_type=\"container\">\n\t\t\t\t\t<div class=\"e-con-inner\">\n\t\t\t\t<div class=\"elementor-element elementor-element-ad19c0c elementor-widget elementor-widget-heading\" data-id=\"ad19c0c\" data-element_type=\"widget\" data-widget_type=\"heading.default\">\n\t\t\t\t<div class=\"elementor-widget-container\">\n\t\t\t<h2 class=\"elementor-heading-title elementor-size-default\">Categorias<\/h2>\t\t<\/div>\n\t\t\t\t<\/div>\n\t\t\t\t\t<\/div>\n\t\t\t\t<\/div>\n\t\t<div class=\"elementor-element elementor-element-5b8ee19 elementor-hidden-mobile e-flex e-con-boxed e-con e-parent\" data-id=\"5b8ee19\" data-element_type=\"container\">\n\t\t\t\t\t<div class=\"e-con-inner\">\n\t\t\t\t<div class=\"elementor-element elementor-element-bc5d39c elementor-cta--skin-cover elementor-widget__width-initial elementor-animated-content elementor-bg-transform elementor-bg-transform-zoom-in elementor-widget elementor-widget-call-to-action\" data-id=\"bc5d39c\" data-element_type=\"widget\" data-widget_type=\"call-to-action.default\">\n\t\t\t\t<div class=\"elementor-widget-container\">\n\t\t\t\t\t<a class=\"elementor-cta\" href=\"#\">\n\t\t\t\t\t<div class=\"elementor-cta__bg-wrapper\">\n\t\t\t\t<div class=\"elementor-cta__bg elementor-bg\" style=\"background-image: url(https:\/\/www.run4roupasfitness.com.br\/loja\/wp-content\/uploads\/2024\/11\/calca_legging_marinho_classic_305_1_f38d722d61143336d18e7d2bbeccf298-684x1024.webp);\" role=\"img\" aria-label=\"calca_legging_marinho_classic_305_1_f38d722d61143336d18e7d2bbeccf298\"><\/div>\n\t\t\t\t<div class=\"elementor-cta__bg-overlay\"><\/div>\n\t\t\t<\/div>\n\t\t\t\t\t\t\t<div class=\"elementor-cta__content\">\n\t\t\t\t\n\t\t\t\t\t\t\t\t\t<h2 class=\"elementor-cta__title elementor-cta__content-item elementor-content-item elementor-animated-item--grow\">\n\t\t\t\t\t\tLeggings\t\t\t\t\t<\/h2>\n\t\t\t\t\n\t\t\t\t\n\t\t\t\t\t\t\t<\/div>\n\t\t\t\t\t\t\t<div class=\"elementor-ribbon elementor-ribbon-left\">\n\t\t\t\t<div class=\"elementor-ribbon-inner\">Leggings<\/div>\n\t\t\t<\/div>\n\t\t\t\t<\/a>\n\t\t\t\t<\/div>\n\t\t\t\t<\/div>\n\t\t\t\t<div class=\"elementor-element elementor-element-02fbdae elementor-cta--skin-cover elementor-widget__width-initial elementor-animated-content elementor-bg-transform elementor-bg-transform-zoom-in elementor-widget elementor-widget-call-to-action\" data-id=\"02fbdae\" data-element_type=\"widget\" data-widget_type=\"call-to-action.default\">\n\t\t\t\t<div class=\"elementor-widget-container\">\n\t\t\t\t\t<a class=\"elementor-cta\" href=\"#\">\n\t\t\t\t\t<div class=\"elementor-cta__bg-wrapper\">\n\t\t\t\t<div class=\"elementor-cta__bg elementor-bg\" style=\"background-image: url(https:\/\/www.run4roupasfitness.com.br\/loja\/wp-content\/uploads\/2024\/11\/top_fitness_menta_com_abertura_p_bojo_removivel_319_1_ecbb59ed9a6316df4d2bc78c33ca92a0-683x1024.webp);\" role=\"img\" aria-label=\"top_fitness_menta_com_abertura_p_bojo_removivel_319_1_ecbb59ed9a6316df4d2bc78c33ca92a0\"><\/div>\n\t\t\t\t<div class=\"elementor-cta__bg-overlay\"><\/div>\n\t\t\t<\/div>\n\t\t\t\t\t\t\t<div class=\"elementor-cta__content\">\n\t\t\t\t\n\t\t\t\t\t\t\t\t\t<h2 class=\"elementor-cta__title elementor-cta__content-item elementor-content-item elementor-animated-item--grow\">\n\t\t\t\t\t\tTops\t\t\t\t\t<\/h2>\n\t\t\t\t\n\t\t\t\t\n\t\t\t\t\t\t\t<\/div>\n\t\t\t\t\t\t\t<div class=\"elementor-ribbon elementor-ribbon-left\">\n\t\t\t\t<div class=\"elementor-ribbon-inner\">tops<\/div>\n\t\t\t<\/div>\n\t\t\t\t<\/a>\n\t\t\t\t<\/div>\n\t\t\t\t<\/div>\n\t\t\t\t<div class=\"elementor-element elementor-element-c1f8871 elementor-cta--skin-cover elementor-widget__width-initial elementor-animated-content elementor-bg-transform elementor-bg-transform-zoom-in elementor-widget elementor-widget-call-to-action\" data-id=\"c1f8871\" data-element_type=\"widget\" data-widget_type=\"call-to-action.default\">\n\t\t\t\t<div class=\"elementor-widget-container\">\n\t\t\t\t\t<a class=\"elementor-cta\" href=\"#\">\n\t\t\t\t\t<div class=\"elementor-cta__bg-wrapper\">\n\t\t\t\t<div class=\"elementor-cta__bg elementor-bg\" style=\"background-image: url(https:\/\/www.run4roupasfitness.com.br\/loja\/wp-content\/uploads\/2024\/11\/bermuda_fitness_poliamida_wine_glow_321_2_8014addf78634f8299d20a7d2a0b0561-683x1024.webp);\" role=\"img\" aria-label=\"bermuda_fitness_poliamida_wine_glow_321_2_8014addf78634f8299d20a7d2a0b0561\"><\/div>\n\t\t\t\t<div class=\"elementor-cta__bg-overlay\"><\/div>\n\t\t\t<\/div>\n\t\t\t\t\t\t\t<div class=\"elementor-cta__content\">\n\t\t\t\t\n\t\t\t\t\t\t\t\t\t<h2 class=\"elementor-cta__title elementor-cta__content-item elementor-content-item elementor-animated-item--grow\">\n\t\t\t\t\t\tBermudas\t\t\t\t\t<\/h2>\n\t\t\t\t\n\t\t\t\t\n\t\t\t\t\t\t\t<\/div>\n\t\t\t\t\t\t\t<div class=\"elementor-ribbon elementor-ribbon-left\">\n\t\t\t\t<div class=\"elementor-ribbon-inner\">Bermudas<\/div>\n\t\t\t<\/div>\n\t\t\t\t<\/a>\n\t\t\t\t<\/div>\n\t\t\t\t<\/div>\n\t\t\t\t<div class=\"elementor-element elementor-element-858082c elementor-cta--skin-cover elementor-widget__width-initial elementor-animated-content elementor-bg-transform elementor-bg-transform-zoom-in elementor-widget elementor-widget-call-to-action\" data-id=\"858082c\" data-element_type=\"widget\" data-widget_type=\"call-to-action.default\">\n\t\t\t\t<div class=\"elementor-widget-container\">\n\t\t\t\t\t<a class=\"elementor-cta\" href=\"#\">\n\t\t\t\t\t<div class=\"elementor-cta__bg-wrapper\">\n\t\t\t\t<div class=\"elementor-cta__bg elementor-bg\" style=\"background-image: url(https:\/\/www.run4roupasfitness.com.br\/loja\/wp-content\/uploads\/2024\/11\/304675-717x1024.webp);\" role=\"img\" aria-label=\"304675\"><\/div>\n\t\t\t\t<div class=\"elementor-cta__bg-overlay\"><\/div>\n\t\t\t<\/div>\n\t\t\t\t\t\t\t<div class=\"elementor-cta__content\">\n\t\t\t\t\n\t\t\t\t\t\t\t\t\t<h2 class=\"elementor-cta__title elementor-cta__content-item elementor-content-item elementor-animated-item--grow\">\n\t\t\t\t\t\tCamisetas\t\t\t\t\t<\/h2>\n\t\t\t\t\n\t\t\t\t\n\t\t\t\t\t\t\t<\/div>\n\t\t\t\t\t\t\t<div class=\"elementor-ribbon elementor-ribbon-left\">\n\t\t\t\t<div class=\"elementor-ribbon-inner\">Camisetas<\/div>\n\t\t\t<\/div>\n\t\t\t\t<\/a>\n\t\t\t\t<\/div>\n\t\t\t\t<\/div>\n\t\t\t\t\t<\/div>\n\t\t\t\t<\/div>\n\t\t<div class=\"elementor-element elementor-element-186b6bf elementor-hidden-desktop elementor-hidden-tablet e-flex e-con-boxed e-con e-parent\" data-id=\"186b6bf\" data-element_type=\"container\">\n\t\t\t\t\t<div class=\"e-con-inner\">\n\t\t\t\t<div class=\"elementor-element elementor-element-d347c57 elementor--h-position-center elementor--v-position-middle elementor-pagination-position-inside elementor-widget elementor-widget-slides\" data-id=\"d347c57\" data-element_type=\"widget\" data-settings=\"{&quot;navigation&quot;:&quot;dots&quot;,&quot;autoplay&quot;:&quot;yes&quot;,&quot;pause_on_hover&quot;:&quot;yes&quot;,&quot;pause_on_interaction&quot;:&quot;yes&quot;,&quot;autoplay_speed&quot;:5000,&quot;infinite&quot;:&quot;yes&quot;,&quot;transition&quot;:&quot;slide&quot;,&quot;transition_speed&quot;:500}\" data-widget_type=\"slides.default\">\n\t\t\t\t<div class=\"elementor-widget-container\">\n\t\t\t\t\t<div class=\"elementor-swiper\">\n\t\t\t<div class=\"elementor-slides-wrapper elementor-main-swiper swiper\" dir=\"ltr\" data-animation=\"fadeInUp\">\n\t\t\t\t<div class=\"swiper-wrapper elementor-slides\">\n\t\t\t\t\t\t\t\t\t\t<div class=\"elementor-repeater-item-ccfc10d swiper-slide\"><div class=\"swiper-slide-bg\" role=\"img\"><\/div><a class=\"swiper-slide-inner\" href=\"#\"><div class=\"swiper-slide-contents\"><div class=\"elementor-slide-heading\">Legging<\/div><\/div><\/a><\/div><div class=\"elementor-repeater-item-85ef573 swiper-slide\"><div class=\"swiper-slide-bg\" role=\"img\"><\/div><a class=\"swiper-slide-inner\" href=\"#\"><div class=\"swiper-slide-contents\"><div class=\"elementor-slide-heading\">Tops<\/div><\/div><\/a><\/div><div class=\"elementor-repeater-item-91dc47b swiper-slide\"><div class=\"swiper-slide-bg\" role=\"img\"><\/div><a class=\"swiper-slide-inner\" href=\"#\"><div class=\"swiper-slide-contents\"><div class=\"elementor-slide-heading\">Bermudas<\/div><\/div><\/a><\/div><div class=\"elementor-repeater-item-3cadea0 swiper-slide\"><div class=\"swiper-slide-bg\" role=\"img\"><\/div><a class=\"swiper-slide-inner\" href=\"#\"><div class=\"swiper-slide-contents\"><div class=\"elementor-slide-heading\">Camisetas<\/div><\/div><\/a><\/div>\t\t\t\t<\/div>\n\t\t\t\t\t\t\t\t\t\t\t\t\t\t\t<div class=\"swiper-pagination\"><\/div>\n\t\t\t\t\t\t\t\t\t\t\t\t\t\t\t\t\t<\/div>\n\t\t<\/div>\n\t\t\t\t<\/div>\n\t\t\t\t<\/div>\n\t\t\t\t\t<\/div>\n\t\t\t\t<\/div>\n\t\t\t\t<\/div>\n\t\t","protected":false},"excerpt":{"rendered":"<p>Cal\u00e7as LeggingConhe\u00e7a nossa nova cole\u00e7\u00e3o 2025Clique aquiSlide 2 HeadingLorem ipsum dolor sit amet consectetur adipiscing elit dolorClick HereSlide 3 HeadingLorem ipsum dolor sit amet consectetur adipiscing elit dolorClick Here Previous slide Next slide Destaques Veja todos os produtos Categorias Leggings Leggings Tops tops Bermudas Bermudas Camisetas Camisetas LeggingTopsBermudasCamisetas<\/p>\n","protected":false},"author":1,"featured_media":0,"parent":0,"menu_order":0,"comment_status":"closed","ping_status":"closed","template":"","meta":{"footnotes":""},"class_list":["post-85","page","type-page","status-publish","hentry"],"_links":{"self":[{"href":"https:\/\/www.run4roupasfitness.com.br\/loja\/wp-json\/wp\/v2\/pages\/85","targetHints":{"allow":["GET"]}}],"collection":[{"href":"https:\/\/www.run4roupasfitness.com.br\/loja\/wp-json\/wp\/v2\/pages"}],"about":[{"href":"https:\/\/www.run4roupasfitness.com.br\/loja\/wp-json\/wp\/v2\/types\/page"}],"author":[{"embeddable":true,"href":"https:\/\/www.run4roupasfitness.com.br\/loja\/wp-json\/wp\/v2\/users\/1"}],"replies":[{"embeddable":true,"href":"https:\/\/www.run4roupasfitness.com.br\/loja\/wp-json\/wp\/v2\/comments?post=85"}],"version-history":[{"count":58,"href":"https:\/\/www.run4roupasfitness.com.br\/loja\/wp-json\/wp\/v2\/pages\/85\/revisions"}],"predecessor-version":[{"id":191,"href":"https:\/\/www.run4roupasfitness.com.br\/loja\/wp-json\/wp\/v2\/pages\/85\/revisions\/191"}],"wp:attachment":[{"href":"https:\/\/www.run4roupasfitness.com.br\/loja\/wp-json\/wp\/v2\/media?parent=85"}],"curies":[{"name":"wp","href":"https:\/\/api.w.org\/{rel}","templated":true}]}}